{"id":352,"date":"2020-01-20T10:06:50","date_gmt":"2020-01-20T10:06:50","guid":{"rendered":"https:\/\/mariasanfeliuactriz.es\/?page_id=352"},"modified":"2024-08-03T15:08:04","modified_gmt":"2024-08-03T15:08:04","slug":"quien-soy","status":"publish","type":"page","link":"https:\/\/mariasanfeliuactriz.es\/ca\/quien-soy\/","title":{"rendered":"Qui s\u00f3c"},"content":{"rendered":"<div data-elementor-type=\"wp-page\" data-elementor-id=\"352\" class=\"elementor elementor-352\">\n\t\t\t\t\t\t\t\t\t<section class=\"elementor-section elementor-top-section elementor-element elementor-element-b3a3d79 elementor-section-stretched elementor-section-height-min-height elementor-section-boxed elementor-section-height-default elementor-section-items-middle\" data-id=\"b3a3d79\" data-element_type=\"section\" data-settings=\"{&quot;stretch_section&quot;:&quot;section-stretched&quot;,&quot;background_background&quot;:&quot;classic&quot;}\" data-e-bg-lazyload=\"\">\n\t\t\t\t\t\t<div class=\"elementor-container elementor-column-gap-default\">\n\t\t\t\t\t<div class=\"elementor-column elementor-col-100 elementor-top-column elementor-element elementor-element-81e4ddf\" data-id=\"81e4ddf\" data-element_type=\"column\">\n\t\t\t<div class=\"elementor-widget-wrap\">\n\t\t\t\t\t\t\t\t\t<\/div>\n\t\t<\/div>\n\t\t\t\t\t\t\t<\/div>\n\t\t<\/section>\n\t\t\t\t<section class=\"elementor-section elementor-top-section elementor-element elementor-element-9d39cca elementor-section-stretched elementor-section-boxed elementor-section-height-default elementor-section-height-default\" data-id=\"9d39cca\" data-element_type=\"section\" data-settings=\"{&quot;stretch_section&quot;:&quot;section-stretched&quot;,&quot;background_background&quot;:&quot;classic&quot;}\">\n\t\t\t\t\t\t<div class=\"elementor-container elementor-column-gap-wider\">\n\t\t\t\t\t<div class=\"elementor-column elementor-col-50 elementor-top-column elementor-element elementor-element-e85d4d5\" data-id=\"e85d4d5\" data-element_type=\"column\">\n\t\t\t<div class=\"elementor-widget-wrap elementor-element-populated\">\n\t\t\t\t\t\t\t\t<div class=\"elementor-element elementor-element-500fae1 elementor-widget elementor-widget-heading\" data-id=\"500fae1\" data-element_type=\"widget\" data-widget_type=\"heading.default\">\n\t\t\t\t<div class=\"elementor-widget-container\">\n\t\t\t<style>\/*! elementor - v3.17.0 - 08-11-2023 *\/\n.elementor-heading-title{padding:0;margin:0;line-height:1}.elementor-widget-heading .elementor-heading-title[class*=elementor-size-]>a{color:inherit;font-size:inherit;line-height:inherit}.elementor-widget-heading .elementor-heading-title.elementor-size-small{font-size:15px}.elementor-widget-heading .elementor-heading-title.elementor-size-medium{font-size:19px}.elementor-widget-heading .elementor-heading-title.elementor-size-large{font-size:29px}.elementor-widget-heading .elementor-heading-title.elementor-size-xl{font-size:39px}.elementor-widget-heading .elementor-heading-title.elementor-size-xxl{font-size:59px}<\/style><h2 class=\"elementor-heading-title elementor-size-default\">La meva hist\u00f2ria<\/h2>\t\t<\/div>\n\t\t\t\t<\/div>\n\t\t\t\t<div class=\"elementor-element elementor-element-c25a7ce elementor-widget elementor-widget-text-editor\" data-id=\"c25a7ce\" data-element_type=\"widget\" data-widget_type=\"text-editor.default\">\n\t\t\t\t<div class=\"elementor-widget-container\">\n\t\t\t<style>\/*! elementor - v3.17.0 - 08-11-2023 *\/\n.elementor-widget-text-editor.elementor-drop-cap-view-stacked .elementor-drop-cap{background-color:#69727d;color:#fff}.elementor-widget-text-editor.elementor-drop-cap-view-framed .elementor-drop-cap{color:#69727d;border:3px solid;background-color:transparent}.elementor-widget-text-editor:not(.elementor-drop-cap-view-default) .elementor-drop-cap{margin-top:8px}.elementor-widget-text-editor:not(.elementor-drop-cap-view-default) .elementor-drop-cap-letter{width:1em;height:1em}.elementor-widget-text-editor .elementor-drop-cap{float:left;text-align:center;line-height:1;font-size:50px}.elementor-widget-text-editor .elementor-drop-cap-letter{display:inline-block}<\/style>\t\t\t\t<p style=\"text-align: left;\">Em dic Maria Sanfeliu, tinc 23 anys. Vaig n\u00e9ixer i vaig cr\u00e9ixer a Alcarr\u00e0s, Lleida i actualment resideixo a Barcelona. He estat en contacte amb el m\u00f3n de les arts esc\u00e8niques des de petita, fent classes de teatre, llenguatge musical, piano i cant. Als 16 anys entri a un grup amateur de teatre. En acabar el batxillerat cient\u00edfic, vaig apostar per fer all\u00f2 que realment m&#039;entusiasmava, i vaig cursar un cicle superior d&#039;art dram\u00e0tic. En acabar el cicle superior, tots els meus dubtes sobre el meu futur professional es van esfumar. Aix\u00ed que vaig voler aprofundir amb els meus estudis i vaig comen\u00e7ar la carrera d&#039;interpretaci\u00f3 a l&#039;ESAD de l&#039;Institut del Teatre de Barcelona, sense deixar de banda el m\u00f3n de la m\u00fasica, que he continuat estudiant pel meu compte.  Actualment, he finalitzat els estudis professionals i ja porto temps al sector. Fa 4 anys que formo part d&#039;un espectacle teatralitzat per a p\u00fablic familiar, fa uns anys que tinc un duet musical on s\u00f3c la cantant i fa poc que estic creant un projecte musical propi component m\u00fasica. A nivell teatral, he format part de diversos projectes, actualment estem tirant endavant amb un grup d&#039;artistes una obra inspirada a la pel\u00b7l\u00edcula Le bal d&#039;Ettore Scola, la qual hem treballat a diverses resid\u00e8ncies art\u00edstiques, tamb\u00e9 he treballat de figuraci\u00f3 en produccions de cinema i he actuat a diversos curts d&#039;escoles de cinema. Recentment formo part de L&#039;associaci\u00f3 d&#039;Actors i Directors Professionals de Catalunya.<\/p>\t\t\t\t\t\t<\/div>\n\t\t\t\t<\/div>\n\t\t\t\t\t<\/div>\n\t\t<\/div>\n\t\t\t\t<div class=\"elementor-column elementor-col-50 elementor-top-column elementor-element elementor-element-ade833b\" data-id=\"ade833b\" data-element_type=\"column\">\n\t\t\t<div class=\"elementor-widget-wrap elementor-element-populated\">\n\t\t\t\t\t\t\t\t<div class=\"elementor-element elementor-element-da5b163 elementor-widget elementor-widget-image\" data-id=\"da5b163\" data-element_type=\"widget\" data-widget_type=\"image.default\">\n\t\t\t\t<div class=\"elementor-widget-container\">\n\t\t\t<style>\/*! elementor - v3.17.0 - 08-11-2023 *\/\n.elementor-widget-image{text-align:center}.elementor-widget-image a{display:inline-block}.elementor-widget-image a img[src$=\".svg\"]{width:48px}.elementor-widget-image img{vertical-align:middle;display:inline-block}<\/style>\t\t\t\t\t\t\t\t\t\t\t\t<img decoding=\"async\" width=\"681\" height=\"1024\" src=\"https:\/\/mariasanfeliuactriz.es\/wp-content\/uploads\/2024\/08\/DSC_1227-681x1024.jpeg\" class=\"attachment-large size-large wp-image-2221\" alt=\"\" srcset=\"https:\/\/mariasanfeliuactriz.es\/wp-content\/uploads\/2024\/08\/DSC_1227-681x1024.jpeg 681w, https:\/\/mariasanfeliuactriz.es\/wp-content\/uploads\/2024\/08\/DSC_1227-199x300.jpeg 199w, https:\/\/mariasanfeliuactriz.es\/wp-content\/uploads\/2024\/08\/DSC_1227-768x1155.jpeg 768w, https:\/\/mariasanfeliuactriz.es\/wp-content\/uploads\/2024\/08\/DSC_1227-1021x1536.jpeg 1021w, https:\/\/mariasanfeliuactriz.es\/wp-content\/uploads\/2024\/08\/DSC_1227-1362x2048.jpeg 1362w, https:\/\/mariasanfeliuactriz.es\/wp-content\/uploads\/2024\/08\/DSC_1227-scaled.jpeg 1702w\" sizes=\"(max-width: 681px) 100vw, 681px\" \/>\t\t\t\t\t\t\t\t\t\t\t\t\t\t\t<\/div>\n\t\t\t\t<\/div>\n\t\t\t\t\t<\/div>\n\t\t<\/div>\n\t\t\t\t\t\t\t<\/div>\n\t\t<\/section>\n\t\t\t\t\t\t\t<\/div>","protected":false},"excerpt":{"rendered":"<p>La meva hist\u00f2ria Em dic Maria Sanfeliu, tinc 23 anys. Vaig n\u00e9ixer i vaig cr\u00e9ixer a Alcarr\u00e0s, Lleida i actualment resideixo a Barcelona. He estat en contacte amb el m\u00f3n de les arts esc\u00e8niques des de petita, fent classes de teatre, llenguatge musical, piano i cant. Als 16 anys entri a un grup amateur de teatre. En finalitzar el batxillerat cient\u00edfic, [\u2026]<\/p>","protected":false},"author":1,"featured_media":0,"parent":0,"menu_order":0,"comment_status":"closed","ping_status":"closed","template":"elementor_header_footer","meta":{"footnotes":""},"class_list":["post-352","page","type-page","status-publish","hentry"],"yoast_head":"<!-- This site is optimized with the Yoast SEO plugin v22.6 - https:\/\/yoast.com\/wordpress\/plugins\/seo\/ -->\n<title>Quien soy - Maria Sanfeliu<\/title>\n<meta name=\"robots\" content=\"index, follow, max-snippet:-1, max-image-preview:large, max-video-preview:-1\" \/>\n<link rel=\"canonical\" href=\"https:\/\/mariasanfeliuactriz.es\/ca\/quien-soy\/\" \/>\n<meta property=\"og:locale\" content=\"ca_ES\" \/>\n<meta property=\"og:type\" content=\"article\" \/>\n<meta property=\"og:title\" content=\"Quien soy - Maria Sanfeliu\" \/>\n<meta property=\"og:description\" content=\"Mi historia Me llamo\u00a0Maria Sanfeliu, tengo 23 a\u00f1os. Nac\u00ed y crec\u00ed en\u00a0Alcarr\u00e0s, Lleida\u00a0y actualmente resido en Barcelona. He estado en contacto con el mundo de las artes esc\u00e9nicas desde peque\u00f1a, haciendo clases de teatro, lenguaje musical, piano y canto. A los 16 a\u00f1os entre a un grupo amateur de teatro. Al finalizar el bachillerato cient\u00edfico, [&hellip;]\" \/>\n<meta property=\"og:url\" content=\"https:\/\/mariasanfeliuactriz.es\/ca\/quien-soy\/\" \/>\n<meta property=\"og:site_name\" content=\"Maria Sanfeliu\" \/>\n<meta property=\"article:modified_time\" content=\"2024-08-03T15:08:04+00:00\" \/>\n<meta property=\"og:image\" content=\"http:\/\/mariasanfeliuactriz.es\/wp-content\/uploads\/2024\/08\/DSC_1227-681x1024.jpeg\" \/>\n<meta name=\"twitter:card\" content=\"summary_large_image\" \/>\n<meta name=\"twitter:label1\" content=\"Temps estimat de lectura\" \/>\n\t<meta name=\"twitter:data1\" content=\"2 minuts\" \/>\n<script type=\"application\/ld+json\" class=\"yoast-schema-graph\">{\"@context\":\"https:\/\/schema.org\",\"@graph\":[{\"@type\":\"WebPage\",\"@id\":\"http:\/\/mariasanfeliuactriz.es\/quien-soy\/\",\"url\":\"http:\/\/mariasanfeliuactriz.es\/quien-soy\/\",\"name\":\"Quien soy - Maria Sanfeliu\",\"isPartOf\":{\"@id\":\"http:\/\/mariasanfeliuactriz.es\/#website\"},\"primaryImageOfPage\":{\"@id\":\"http:\/\/mariasanfeliuactriz.es\/quien-soy\/#primaryimage\"},\"image\":{\"@id\":\"http:\/\/mariasanfeliuactriz.es\/quien-soy\/#primaryimage\"},\"thumbnailUrl\":\"http:\/\/mariasanfeliuactriz.es\/wp-content\/uploads\/2024\/08\/DSC_1227-681x1024.jpeg\",\"datePublished\":\"2020-01-20T10:06:50+00:00\",\"dateModified\":\"2024-08-03T15:08:04+00:00\",\"breadcrumb\":{\"@id\":\"http:\/\/mariasanfeliuactriz.es\/quien-soy\/#breadcrumb\"},\"inLanguage\":\"ca\",\"potentialAction\":[{\"@type\":\"ReadAction\",\"target\":[\"http:\/\/mariasanfeliuactriz.es\/quien-soy\/\"]}]},{\"@type\":\"ImageObject\",\"inLanguage\":\"ca\",\"@id\":\"http:\/\/mariasanfeliuactriz.es\/quien-soy\/#primaryimage\",\"url\":\"http:\/\/mariasanfeliuactriz.es\/wp-content\/uploads\/2024\/08\/DSC_1227-681x1024.jpeg\",\"contentUrl\":\"http:\/\/mariasanfeliuactriz.es\/wp-content\/uploads\/2024\/08\/DSC_1227-681x1024.jpeg\"},{\"@type\":\"BreadcrumbList\",\"@id\":\"http:\/\/mariasanfeliuactriz.es\/quien-soy\/#breadcrumb\",\"itemListElement\":[{\"@type\":\"ListItem\",\"position\":1,\"name\":\"Portada\",\"item\":\"http:\/\/mariasanfeliuactriz.es\/\"},{\"@type\":\"ListItem\",\"position\":2,\"name\":\"Quien soy\"}]},{\"@type\":\"WebSite\",\"@id\":\"http:\/\/mariasanfeliuactriz.es\/#website\",\"url\":\"http:\/\/mariasanfeliuactriz.es\/\",\"name\":\"Maria Sanfeliu\",\"description\":\"Maria Sanfeliu: Artista\",\"potentialAction\":[{\"@type\":\"SearchAction\",\"target\":{\"@type\":\"EntryPoint\",\"urlTemplate\":\"http:\/\/mariasanfeliuactriz.es\/?s={search_term_string}\"},\"query-input\":\"required name=search_term_string\"}],\"inLanguage\":\"ca\"}]}<\/script>\n<!-- \/ Yoast SEO plugin. -->","yoast_head_json":{"title":"Quien soy - Maria Sanfeliu","robots":{"index":"index","follow":"follow","max-snippet":"max-snippet:-1","max-image-preview":"max-image-preview:large","max-video-preview":"max-video-preview:-1"},"canonical":"https:\/\/mariasanfeliuactriz.es\/ca\/quien-soy\/","og_locale":"ca_ES","og_type":"article","og_title":"Quien soy - Maria Sanfeliu","og_description":"Mi historia Me llamo\u00a0Maria Sanfeliu, tengo 23 a\u00f1os. Nac\u00ed y crec\u00ed en\u00a0Alcarr\u00e0s, Lleida\u00a0y actualmente resido en Barcelona. He estado en contacto con el mundo de las artes esc\u00e9nicas desde peque\u00f1a, haciendo clases de teatro, lenguaje musical, piano y canto. A los 16 a\u00f1os entre a un grupo amateur de teatro. Al finalizar el bachillerato cient\u00edfico, [&hellip;]","og_url":"https:\/\/mariasanfeliuactriz.es\/ca\/quien-soy\/","og_site_name":"Maria Sanfeliu","article_modified_time":"2024-08-03T15:08:04+00:00","og_image":[{"url":"http:\/\/mariasanfeliuactriz.es\/wp-content\/uploads\/2024\/08\/DSC_1227-681x1024.jpeg"}],"twitter_card":"summary_large_image","twitter_misc":{"Temps estimat de lectura":"2 minuts"},"schema":{"@context":"https:\/\/schema.org","@graph":[{"@type":"WebPage","@id":"http:\/\/mariasanfeliuactriz.es\/quien-soy\/","url":"http:\/\/mariasanfeliuactriz.es\/quien-soy\/","name":"Quien soy - Maria Sanfeliu","isPartOf":{"@id":"http:\/\/mariasanfeliuactriz.es\/#website"},"primaryImageOfPage":{"@id":"http:\/\/mariasanfeliuactriz.es\/quien-soy\/#primaryimage"},"image":{"@id":"http:\/\/mariasanfeliuactriz.es\/quien-soy\/#primaryimage"},"thumbnailUrl":"http:\/\/mariasanfeliuactriz.es\/wp-content\/uploads\/2024\/08\/DSC_1227-681x1024.jpeg","datePublished":"2020-01-20T10:06:50+00:00","dateModified":"2024-08-03T15:08:04+00:00","breadcrumb":{"@id":"http:\/\/mariasanfeliuactriz.es\/quien-soy\/#breadcrumb"},"inLanguage":"ca","potentialAction":[{"@type":"ReadAction","target":["http:\/\/mariasanfeliuactriz.es\/quien-soy\/"]}]},{"@type":"ImageObject","inLanguage":"ca","@id":"http:\/\/mariasanfeliuactriz.es\/quien-soy\/#primaryimage","url":"http:\/\/mariasanfeliuactriz.es\/wp-content\/uploads\/2024\/08\/DSC_1227-681x1024.jpeg","contentUrl":"http:\/\/mariasanfeliuactriz.es\/wp-content\/uploads\/2024\/08\/DSC_1227-681x1024.jpeg"},{"@type":"BreadcrumbList","@id":"http:\/\/mariasanfeliuactriz.es\/quien-soy\/#breadcrumb","itemListElement":[{"@type":"ListItem","position":1,"name":"Portada","item":"http:\/\/mariasanfeliuactriz.es\/"},{"@type":"ListItem","position":2,"name":"Quien soy"}]},{"@type":"WebSite","@id":"http:\/\/mariasanfeliuactriz.es\/#website","url":"http:\/\/mariasanfeliuactriz.es\/","name":"Maria Sanfeliu","description":"Maria Sanfeliu: Artista","potentialAction":[{"@type":"SearchAction","target":{"@type":"EntryPoint","urlTemplate":"http:\/\/mariasanfeliuactriz.es\/?s={search_term_string}"},"query-input":"required name=search_term_string"}],"inLanguage":"ca"}]}},"_links":{"self":[{"href":"https:\/\/mariasanfeliuactriz.es\/ca\/wp-json\/wp\/v2\/pages\/352"}],"collection":[{"href":"https:\/\/mariasanfeliuactriz.es\/ca\/wp-json\/wp\/v2\/pages"}],"about":[{"href":"https:\/\/mariasanfeliuactriz.es\/ca\/wp-json\/wp\/v2\/types\/page"}],"author":[{"embeddable":true,"href":"https:\/\/mariasanfeliuactriz.es\/ca\/wp-json\/wp\/v2\/users\/1"}],"replies":[{"embeddable":true,"href":"https:\/\/mariasanfeliuactriz.es\/ca\/wp-json\/wp\/v2\/comments?post=352"}],"version-history":[{"count":46,"href":"https:\/\/mariasanfeliuactriz.es\/ca\/wp-json\/wp\/v2\/pages\/352\/revisions"}],"predecessor-version":[{"id":2323,"href":"https:\/\/mariasanfeliuactriz.es\/ca\/wp-json\/wp\/v2\/pages\/352\/revisions\/2323"}],"wp:attachment":[{"href":"https:\/\/mariasanfeliuactriz.es\/ca\/wp-json\/wp\/v2\/media?parent=352"}],"curies":[{"name":"wp","href":"https:\/\/api.w.org\/{rel}","templated":true}]}}